{"id":23269,"date":"2020-11-26T23:45:36","date_gmt":"2020-11-26T22:45:36","guid":{"rendered":"https:\/\/www.pegaso.store\/?post_type=product&#038;p=23269"},"modified":"2025-11-08T21:39:01","modified_gmt":"2025-11-08T20:39:01","slug":"ipad-mini-copia","status":"publish","type":"product","link":"https:\/\/pegasostore.it\/?product=ipad-mini-copia","title":{"rendered":"iPad Air"},"content":{"rendered":"<table width=\"903\">\n<tbody>\n<tr>\n<td width=\"259\">\n<h2>Specifiche Tecniche<\/h2>\n<\/td>\n<td width=\"205\"><\/td>\n<td width=\"234\"><\/td>\n<td width=\"205\"><\/td>\n<\/tr>\n<tr>\n<td>Prezzo di lancio<\/td>\n<td>EUR 669,00<\/td>\n<td><\/td>\n<td><\/td>\n<\/tr>\n<tr>\n<td>Dimensioni<\/td>\n<td>247,6 x 178,5 x 6,1 mm<\/td>\n<td><\/td>\n<td><\/td>\n<\/tr>\n<tr>\n<td>Peso<\/td>\n<td>458 g<\/td>\n<td><\/td>\n<td><\/td>\n<\/tr>\n<tr>\n<td><\/td>\n<td><\/td>\n<td><\/td>\n<td><\/td>\n<\/tr>\n<tr>\n<td><\/td>\n<td><\/td>\n<td><\/td>\n<td><\/td>\n<\/tr>\n<tr>\n<td>Marca<\/td>\n<td>Apple<\/td>\n<td><\/td>\n<td><\/td>\n<\/tr>\n<tr>\n<td>Sistema operativo<\/td>\n<td>iOS<\/td>\n<td><\/td>\n<td><\/td>\n<\/tr>\n<tr>\n<td>Versione iOS al lancio<\/td>\n<td>14<\/td>\n<td><\/td>\n<td><\/td>\n<\/tr>\n<tr>\n<td><\/td>\n<td><\/td>\n<td><\/td>\n<td><\/td>\n<\/tr>\n<tr>\n<td>\n<h3>Hardware<\/h3>\n<\/td>\n<td><\/td>\n<td>\n<h3>Fotocamera<\/h3>\n<\/td>\n<td><\/td>\n<\/tr>\n<tr>\n<td>CPU<\/td>\n<td>Apple A14 Bionic<\/td>\n<td>Risoluzione<\/td>\n<td>12 megapixel<\/td>\n<\/tr>\n<tr>\n<td>GPU<\/td>\n<td>Apple GPU<\/td>\n<td>Apertura focale<\/td>\n<td>\u0192\/1.8<\/td>\n<\/tr>\n<tr>\n<td>Numero core<\/td>\n<td>esa<\/td>\n<td>Dimensione sensore<\/td>\n<td>1\/3&#8243;<\/td>\n<\/tr>\n<tr>\n<td>Frequenza processore<\/td>\n<td>1.8 GHz<\/td>\n<td>Flash fotocamera<\/td>\n<td>Singolo<\/td>\n<\/tr>\n<tr>\n<td>Processo produttivo<\/td>\n<td>5nm<\/td>\n<td>Stabilizzatore ottico<\/td>\n<td>No<\/td>\n<\/tr>\n<tr>\n<td>RAM<\/td>\n<td>3 GB<\/td>\n<td>Autofocus laser<\/td>\n<td>No<\/td>\n<\/tr>\n<tr>\n<td>Memoria interna (ROM)<\/td>\n<td>64 \/ 256 GB<\/td>\n<td>Sensore ToF<\/td>\n<td>No<\/td>\n<\/tr>\n<tr>\n<td>Memoria espandibile<\/td>\n<td>No<\/td>\n<td>Sensore di spettro colore<\/td>\n<td>No<\/td>\n<\/tr>\n<tr>\n<td>Accelerometro<\/td>\n<td>S\u00ec<\/td>\n<td>Risoluzione video<\/td>\n<td>4K &#8211; 3840 x 2160 pixel<\/td>\n<\/tr>\n<tr>\n<td>Bussola digitale<\/td>\n<td>S\u00ec<\/td>\n<td>FPS video<\/td>\n<td>60 fps<\/td>\n<\/tr>\n<tr>\n<td>Sensore di prossimit\u00e0<\/td>\n<td>No<\/td>\n<td><\/td>\n<td><\/td>\n<\/tr>\n<tr>\n<td>Sensore di luminosit\u00e0<\/td>\n<td>S\u00ec<\/td>\n<td>\n<h3>Fotocamera frontale<\/h3>\n<\/td>\n<td><\/td>\n<\/tr>\n<tr>\n<td>Giroscopio<\/td>\n<td>S\u00ec<\/td>\n<td>Risoluzione (frontale)<\/td>\n<td>7 megapixel<\/td>\n<\/tr>\n<tr>\n<td>Barometro<\/td>\n<td>No<\/td>\n<td>Apertura focale (frontale)<\/td>\n<td>\u0192\/2.0<\/td>\n<\/tr>\n<tr>\n<td>Lettore Impronte digitali<\/td>\n<td>S\u00ec<\/td>\n<td>Stabilizzatore ottico (frontale)<\/td>\n<td>No<\/td>\n<\/tr>\n<tr>\n<td>Sblocco volto 3D<\/td>\n<td>No<\/td>\n<td>Flash fotocamera frontale<\/td>\n<td>No<\/td>\n<\/tr>\n<tr>\n<td>Microfono riduzione rumore<\/td>\n<td>No<\/td>\n<td>Sensore ToF (frontale)<\/td>\n<td>No<\/td>\n<\/tr>\n<tr>\n<td><\/td>\n<td><\/td>\n<td><\/td>\n<td><\/td>\n<\/tr>\n<tr>\n<td>\n<h3>Connessioni<\/h3>\n<\/td>\n<td><\/td>\n<td>\n<h3>Batteria<\/h3>\n<\/td>\n<td><\/td>\n<\/tr>\n<tr>\n<td>Connettivit\u00e0 mobile<\/td>\n<td>No<\/td>\n<td>Batteria removibile<\/td>\n<td>No<\/td>\n<\/tr>\n<tr>\n<td>Modulo telefonico<\/td>\n<td>No<\/td>\n<td>Ricarica wireless<\/td>\n<td>No<\/td>\n<\/tr>\n<tr>\n<td>Wi-Fi<\/td>\n<td>a\/b\/g\/n\/ac\/ax<\/td>\n<td><\/td>\n<td><\/td>\n<\/tr>\n<tr>\n<td>Bluetooth<\/td>\n<td>5.0<\/td>\n<td>\n<h3>Display<\/h3>\n<\/td>\n<td><\/td>\n<\/tr>\n<tr>\n<td>Porta Infrarossi<\/td>\n<td>No<\/td>\n<td>Tecnologia display<\/td>\n<td>IPS LCD<\/td>\n<\/tr>\n<tr>\n<td>NFC<\/td>\n<td>No<\/td>\n<td>Risoluzione display<\/td>\n<td>1640 x 2360 pixel<\/td>\n<\/tr>\n<tr>\n<td>GPS<\/td>\n<td>S\u00ec<\/td>\n<td>Densit\u00e0 pixel<\/td>\n<td>264 ppi<\/td>\n<\/tr>\n<tr>\n<td>GLONASS<\/td>\n<td>No<\/td>\n<td>Dimensione display<\/td>\n<td>10,9 pollici<\/td>\n<\/tr>\n<tr>\n<td>Radio FM<\/td>\n<td>No<\/td>\n<td>Frequenza aggiornamento display<\/td>\n<td>60 Hz<\/td>\n<\/tr>\n<tr>\n<td>Jack audio<\/td>\n<td>No<\/td>\n<td>Formato display<\/td>\n<td>16:09<\/td>\n<\/tr>\n<tr>\n<td>Tipo ingresso USB<\/td>\n<td>USB Type-C<\/td>\n<td>HDR<\/td>\n<td>No<\/td>\n<\/tr>\n<\/tbody>\n<\/table>\n","protected":false},"excerpt":{"rendered":"<p style=\"text-align: justify;\"><strong>Apple iPad Air 4<\/strong> \u00e8 un tablet da <strong>10,9 pollici<\/strong> realizzato in tecnologia IPS LCD. La sua densit\u00e0 di pixel \u00e8 di 264 ppi e risoluzione di 1640 x 2360 pixel. La risoluzione della fotocamera principale \u00e8 di <strong>12 megapixel<\/strong>, mentre quella secondaria \u00e8 da 7 megapixel. \u00c8 possibile registrare video a 4K &#8211; 3840 x 2160 pixel e abbiamo il led flash Singolo. Processore <strong>Apple A14 Bionic<\/strong> esa con supporto ai 64 bit a 1.8 GHz con <strong>3 GB<\/strong> di RAM e <strong>64 \/ 256 GB<\/strong> di memoria non espandibile.<\/p>\n","protected":false},"featured_media":21379,"comment_status":"open","ping_status":"closed","template":"","meta":[],"product_cat":[98],"product_tag":[],"_links":{"self":[{"href":"https:\/\/pegasostore.it\/index.php?rest_route=\/wp\/v2\/product\/23269"}],"collection":[{"href":"https:\/\/pegasostore.it\/index.php?rest_route=\/wp\/v2\/product"}],"about":[{"href":"https:\/\/pegasostore.it\/index.php?rest_route=\/wp\/v2\/types\/product"}],"replies":[{"embeddable":true,"href":"https:\/\/pegasostore.it\/index.php?rest_route=%2Fwp%2Fv2%2Fcomments&post=23269"}],"wp:featuredmedia":[{"embeddable":true,"href":"https:\/\/pegasostore.it\/index.php?rest_route=\/wp\/v2\/media\/21379"}],"wp:attachment":[{"href":"https:\/\/pegasostore.it\/index.php?rest_route=%2Fwp%2Fv2%2Fmedia&parent=23269"}],"wp:term":[{"taxonomy":"product_cat","embeddable":true,"href":"https:\/\/pegasostore.it\/index.php?rest_route=%2Fwp%2Fv2%2Fproduct_cat&post=23269"},{"taxonomy":"product_tag","embeddable":true,"href":"https:\/\/pegasostore.it\/index.php?rest_route=%2Fwp%2Fv2%2Fproduct_tag&post=23269"}],"curies":[{"name":"wp","href":"https:\/\/api.w.org\/{rel}","templated":true}]}}