{"id":23586,"date":"2020-12-29T16:29:43","date_gmt":"2020-12-29T15:29:43","guid":{"rendered":"https:\/\/www.pegaso.store\/?post_type=product&#038;p=23586"},"modified":"2020-12-29T16:44:51","modified_gmt":"2020-12-29T15:44:51","slug":"lenovo-essential-v145-15ast","status":"publish","type":"product","link":"https:\/\/pegasostore.it\/?product=lenovo-essential-v145-15ast","title":{"rendered":"LENOVO ESSENTIAL V145-15AST"},"content":{"rendered":"<table width=\"768\">\n<tbody>\n<tr>\n<td width=\"157\">\n<h3>Design<\/h3>\n<\/td>\n<td width=\"169\"><\/td>\n<td width=\"209\"><\/td>\n<td width=\"233\"><\/td>\n<\/tr>\n<tr>\n<td width=\"157\">Tipo di prodotto:<\/td>\n<td width=\"169\">Computer portatile<\/td>\n<td><\/td>\n<td><\/td>\n<\/tr>\n<tr>\n<td width=\"157\">Colore del prodotto:<\/td>\n<td width=\"169\">Nero<\/td>\n<td><\/td>\n<td><\/td>\n<\/tr>\n<tr>\n<td width=\"157\">Fattore di forma:<\/td>\n<td width=\"169\">Clamshell<\/td>\n<td><\/td>\n<td><\/td>\n<\/tr>\n<tr>\n<td width=\"157\">Materiale della scocca:<\/td>\n<td width=\"169\">Acrilonitrile butadiene stirene (ABS), Policarbonato<\/td>\n<td><\/td>\n<td><\/td>\n<\/tr>\n<tr>\n<td width=\"157\">Posizionamento di mercato:<\/td>\n<td width=\"169\">Business<\/td>\n<td><\/td>\n<td><\/td>\n<\/tr>\n<tr>\n<td>\n<h3>\u00a0Display<\/h3>\n<\/td>\n<td><\/td>\n<td>\n<h3>\u00a0Collegamento in rete<\/h3>\n<\/td>\n<td><\/td>\n<\/tr>\n<tr>\n<td width=\"157\">Dimensioni schermo:<\/td>\n<td width=\"169\">39,6 cm (15.6&#8243;)<\/td>\n<td width=\"209\">Bluetooth:<\/td>\n<td width=\"233\">S\u00ec<\/td>\n<\/tr>\n<tr>\n<td width=\"157\">Risoluzione del display:<\/td>\n<td width=\"169\">1366 x 768 Pixel<\/td>\n<td width=\"209\">3G:<\/td>\n<td width=\"233\">NO<\/td>\n<\/tr>\n<tr>\n<td width=\"157\">Touch screen:<\/td>\n<td width=\"169\">NO<\/td>\n<td width=\"209\">4G:<\/td>\n<td width=\"233\">NO<\/td>\n<\/tr>\n<tr>\n<td width=\"157\">Tipologia HD:<\/td>\n<td width=\"169\">HD<\/td>\n<td width=\"209\">Wi-Fi:<\/td>\n<td width=\"233\">S\u00ec<\/td>\n<\/tr>\n<tr>\n<td width=\"157\">Formato:<\/td>\n<td width=\"169\">16:09<\/td>\n<td width=\"209\">Wi-Fi standard:<\/td>\n<td width=\"233\">Wi-Fi 5 (802.11ac)<\/td>\n<\/tr>\n<tr>\n<td width=\"157\">Retroilluminazione a LED:<\/td>\n<td width=\"169\">S\u00ec<\/td>\n<td width=\"209\">Standard Wi-Fi:<\/td>\n<td width=\"233\">802.11a,802.11b,802.11g,Wi-Fi 4 (802.11n),Wi-Fi 5 (802.11ac)<\/td>\n<\/tr>\n<tr>\n<td width=\"157\">Superficie display:<\/td>\n<td width=\"169\">Opaco<\/td>\n<td width=\"209\">Tipo di antenna:<\/td>\n<td width=\"233\">1&#215;1<\/td>\n<\/tr>\n<tr>\n<td width=\"157\">Luminosit\u00e0 schermo:<\/td>\n<td width=\"169\">200 cd\/m\u00b2<\/td>\n<td width=\"209\">Collegamento ethernet LAN:<\/td>\n<td width=\"233\">S\u00ec<\/td>\n<\/tr>\n<tr>\n<td width=\"157\">Doppio schermo:<\/td>\n<td width=\"169\">NO<\/td>\n<td width=\"209\">Velocit\u00e0 trasferimento Ethernet LAN:<\/td>\n<td width=\"233\">10,100,1000 Mbit\/s<\/td>\n<\/tr>\n<tr>\n<td>\n<h3>\u00a0Processore<\/h3>\n<\/td>\n<td><\/td>\n<td width=\"209\">Versione Bluetooth:<\/td>\n<td width=\"233\">4.1<\/td>\n<\/tr>\n<tr>\n<td width=\"157\">Produttore processore:<\/td>\n<td width=\"169\">AMD<\/td>\n<td width=\"209\">WWAN:<\/td>\n<td width=\"233\">NO<\/td>\n<\/tr>\n<tr>\n<td width=\"157\">Famiglia processore:<\/td>\n<td width=\"169\">AMD A4<\/td>\n<td>\n<h3>\u00a0Connettivit\u00e0<\/h3>\n<\/td>\n<td><\/td>\n<\/tr>\n<tr>\n<td width=\"157\">Modello del processore:<\/td>\n<td width=\"169\">A4-9125<\/td>\n<td width=\"209\">Quantit\u00e0 di porte USB 3.2 Gen 1 (3.1 Gen 1) di tipo A:<\/td>\n<td width=\"233\">2<\/td>\n<\/tr>\n<tr>\n<td width=\"157\">Frequenza del processore:<\/td>\n<td width=\"169\">2,3 GHz<\/td>\n<td width=\"209\">Quantit\u00e0 porte Ethernet LAN (RJ-45):<\/td>\n<td width=\"233\">1<\/td>\n<\/tr>\n<tr>\n<td width=\"157\">Frequenza del processore turbo massima:<\/td>\n<td width=\"169\">2,6 GHz<\/td>\n<td width=\"209\">Quantit\u00e0 porte HDMI:<\/td>\n<td width=\"233\">1<\/td>\n<\/tr>\n<tr>\n<td width=\"157\">Numero di core del processore:<\/td>\n<td width=\"169\">2<\/td>\n<td width=\"209\">Jack combinato per microfono\/auricolare:<\/td>\n<td width=\"233\">S\u00ec<\/td>\n<\/tr>\n<tr>\n<td width=\"157\">Cache processore:<\/td>\n<td width=\"169\">1 MB<\/td>\n<td width=\"209\">Tipo di porta di ricarica:<\/td>\n<td width=\"233\">Jack DC-ingresso<\/td>\n<\/tr>\n<tr>\n<td width=\"157\">Tipo di cache del processore:<\/td>\n<td width=\"169\">L2<\/td>\n<td>\n<h3>\u00a0Tastiera<\/h3>\n<\/td>\n<td><\/td>\n<\/tr>\n<tr>\n<td width=\"157\">Bus laterale frontale del processore:<\/td>\n<td width=\"169\">28 MHz<\/td>\n<td width=\"209\">Dispositivo di puntatura:<\/td>\n<td width=\"233\">Touchpad<\/td>\n<\/tr>\n<tr>\n<td>\n<h3>\u00a0Memoria<\/h3>\n<\/td>\n<td><\/td>\n<td width=\"209\">Struttura tastiera:<\/td>\n<td width=\"233\">QWERTY<\/td>\n<\/tr>\n<tr>\n<td width=\"157\">RAM installata:<\/td>\n<td width=\"169\">4 GB<\/td>\n<td width=\"209\">Linguaggio tastiera:<\/td>\n<td width=\"233\">Italiano<\/td>\n<\/tr>\n<tr>\n<td width=\"157\">Tipo di RAM:<\/td>\n<td width=\"169\">DDR4-SDRAM<\/td>\n<td width=\"209\">Tastiera numerica:<\/td>\n<td width=\"233\">S\u00ec<\/td>\n<\/tr>\n<tr>\n<td width=\"157\">Fattore di forma memoria:<\/td>\n<td width=\"169\">SO-DIMM<\/td>\n<td width=\"209\">Tasti Windows:<\/td>\n<td width=\"233\">S\u00ec<\/td>\n<\/tr>\n<tr>\n<td width=\"157\">Velocit\u00e0 memoria:<\/td>\n<td width=\"169\">1866 MHz<\/td>\n<td>\n<h3>\u00a0Software<\/h3>\n<\/td>\n<td><\/td>\n<\/tr>\n<tr>\n<td width=\"157\">Struttura memoria:<\/td>\n<td width=\"169\">1 x 4 GB<\/td>\n<td width=\"209\">Sistema operativo incluso:<\/td>\n<td width=\"233\">FreeDOS<\/td>\n<\/tr>\n<tr>\n<td width=\"157\">Slot memoria:<\/td>\n<td width=\"169\">1x SO-DIMM<\/td>\n<td>\n<h3>\u00a0Batteria<\/h3>\n<\/td>\n<td><\/td>\n<\/tr>\n<tr>\n<td width=\"157\">RAM massima supportata:<\/td>\n<td width=\"169\">8 GB<\/td>\n<td width=\"209\">Tecnologia batteria:<\/td>\n<td width=\"233\">Polimeri di litio (LiPo)<\/td>\n<\/tr>\n<tr>\n<td width=\"157\">RAM massima supportata (64-bit):<\/td>\n<td width=\"169\">8 GB<\/td>\n<td width=\"209\">Numero di celle della batteria:<\/td>\n<td width=\"233\">2<\/td>\n<\/tr>\n<tr>\n<td>\n<h3>\u00a0Archiviazione<\/h3>\n<\/td>\n<td><\/td>\n<td width=\"209\">Capacit\u00e0 della batteria:<\/td>\n<td width=\"233\">30 Wh<\/td>\n<\/tr>\n<tr>\n<td width=\"157\">Capacit\u00e0 totale di archiviazione:<\/td>\n<td width=\"169\">256 GB<\/td>\n<td width=\"209\">Durata batteria:<\/td>\n<td width=\"233\">5 h<\/td>\n<\/tr>\n<tr>\n<td width=\"157\">Supporto di memoria:<\/td>\n<td width=\"169\">SSD<\/td>\n<td>\n<h3>\u00a0Gestione energetica<\/h3>\n<\/td>\n<td><\/td>\n<\/tr>\n<tr>\n<td width=\"157\">Capacit\u00e0 SSD totale:<\/td>\n<td width=\"169\">256 GB<\/td>\n<td width=\"209\">Adattatore dissipazione di potenza AC:<\/td>\n<td width=\"233\">45 W<\/td>\n<\/tr>\n<tr>\n<td width=\"157\">Numero di SSD installati:<\/td>\n<td width=\"169\">1<\/td>\n<td width=\"209\">Adattatore di frequenza AC:<\/td>\n<td width=\"233\">50 &#8211; 60 Hz<\/td>\n<\/tr>\n<tr>\n<td width=\"157\">Capacit\u00e0 SSD:<\/td>\n<td width=\"169\">256 GB<\/td>\n<td width=\"209\">Adattatore di voltaggio input AC:<\/td>\n<td width=\"233\">100 &#8211; 240 V<\/td>\n<\/tr>\n<tr>\n<td width=\"157\">Interfaccia Solid State Drive (SSD):<\/td>\n<td width=\"169\">Serial ATA III<\/td>\n<td>\n<h3>\u00a0Sicurezza<\/h3>\n<\/td>\n<td><\/td>\n<\/tr>\n<tr>\n<td width=\"157\">Fattore di forma dell&#8217;unit\u00e0 SSD:<\/td>\n<td width=\"169\">2.5&#8243;<\/td>\n<td width=\"209\">Blocco cavo:<\/td>\n<td width=\"233\">S\u00ec<\/td>\n<\/tr>\n<tr>\n<td width=\"157\">Lettore di schede integrato:<\/td>\n<td width=\"169\">S\u00ec<\/td>\n<td width=\"209\">Lettore di impronte digitali:<\/td>\n<td width=\"233\">NO<\/td>\n<\/tr>\n<tr>\n<td width=\"157\">Tipi schede di memoria:<\/td>\n<td width=\"169\">MMC,SD,SDHC,SDXC<\/td>\n<td width=\"209\">Modulo della piattaforma fidata (TPM):<\/td>\n<td width=\"233\">S\u00ec<\/td>\n<\/tr>\n<tr>\n<td>\n<h3>\u00a0Grafica<\/h3>\n<\/td>\n<td><\/td>\n<td width=\"209\">Protezione della password:<\/td>\n<td width=\"233\">S\u00ec<\/td>\n<\/tr>\n<tr>\n<td width=\"157\">Scheda grafica integrata:<\/td>\n<td width=\"169\">S\u00ec<\/td>\n<td width=\"209\">Protezione password:<\/td>\n<td width=\"233\">HDD, Acceso, Supervisore<\/td>\n<\/tr>\n<tr>\n<td width=\"157\">Adattatore di scheda grafica separato:<\/td>\n<td width=\"169\">NO<\/td>\n<td>\n<h3>\u00a0Certificati di sicurezza<\/h3>\n<\/td>\n<td><\/td>\n<\/tr>\n<tr>\n<td width=\"157\">Scheda grafica dedicata:<\/td>\n<td width=\"169\">Non disponibile<\/td>\n<td width=\"209\">Conformit\u00e0 EPEAT:<\/td>\n<td width=\"233\">Silver<\/td>\n<\/tr>\n<tr>\n<td width=\"157\">Famiglia dell&#8217;adattatore della scheda grafica integrata:<\/td>\n<td width=\"169\">AMD Radeon R3<\/td>\n<td width=\"209\">Certificazione Energy Star:<\/td>\n<td width=\"233\">S\u00ec<\/td>\n<\/tr>\n<tr>\n<td width=\"157\">Modello scheda grafica integrata:<\/td>\n<td width=\"169\">AMD Radeon R3<\/td>\n<td width=\"209\">Certificati di sostenibilit\u00e0:<\/td>\n<td width=\"233\">RoHS<\/td>\n<\/tr>\n<tr>\n<td width=\"157\">Risoluzione massima:<\/td>\n<td width=\"169\">3840 x 2160 Pixel<\/td>\n<td>\n<h3>\u00a0Dimensioni e peso<\/h3>\n<\/td>\n<td><\/td>\n<\/tr>\n<tr>\n<td>\u00a0Audio<\/td>\n<td><\/td>\n<td width=\"209\">Peso:<\/td>\n<td width=\"233\">2,1 kg<\/td>\n<\/tr>\n<tr>\n<td width=\"157\">Sistema audio:<\/td>\n<td width=\"169\">Audio Dolby<\/td>\n<td width=\"209\">Larghezza:<\/td>\n<td width=\"233\">375,6 mm<\/td>\n<\/tr>\n<tr>\n<td width=\"157\">Numero di altoparlanti incorporati:<\/td>\n<td width=\"169\">2<\/td>\n<td width=\"209\">Profondit\u00e0:<\/td>\n<td width=\"233\">253,4 mm<\/td>\n<\/tr>\n<tr>\n<td width=\"157\">Potenza altoparlante:<\/td>\n<td width=\"169\">1,5 W<\/td>\n<td width=\"209\">Altezza:<\/td>\n<td width=\"233\">22,7 mm<\/td>\n<\/tr>\n<tr>\n<td width=\"157\">Microfono incorporato:<\/td>\n<td width=\"169\">S\u00ec<\/td>\n<td>\n<h3>\u00a0Contenuto dell&#8217;imballo<\/h3>\n<\/td>\n<td><\/td>\n<\/tr>\n<tr>\n<td width=\"157\">Velocit\u00e0 di alimentazione della carta (a colori, lettere):<\/td>\n<td width=\"169\">1<\/td>\n<td width=\"209\">Adattatore AC\/DC:<\/td>\n<td width=\"233\">S\u00ec<\/td>\n<\/tr>\n<tr>\n<td>\n<h3>\u00a0Macchina fotografica<\/h3>\n<\/td>\n<td><\/td>\n<td width=\"209\">Quantit\u00e0 di adattatori CA:<\/td>\n<td width=\"233\">1<\/td>\n<\/tr>\n<tr>\n<td width=\"157\">Fotocamera frontale:<\/td>\n<td width=\"169\">S\u00ec<\/td>\n<td width=\"209\">Manuale dell&#8217;utente:<\/td>\n<td width=\"233\">S\u00ec<\/td>\n<\/tr>\n<tr>\n<td width=\"157\">Risoluzione fotocamera frontale (numerico):<\/td>\n<td width=\"169\">0,3 MP<\/td>\n<td width=\"209\">Guida rapida:<\/td>\n<td width=\"233\">S\u00ec<\/td>\n<\/tr>\n<tr>\n<td>\n<h3>\u00a0Drive ottico<\/h3>\n<\/td>\n<td><\/td>\n<td width=\"209\">Cavo alimentazione incluso:<\/td>\n<td width=\"233\">S\u00ec<\/td>\n<\/tr>\n<tr>\n<td width=\"157\">Tipo drive ottico:<\/td>\n<td width=\"169\">DVD\u00b1RW<\/td>\n<td width=\"209\">Scheda di garanzia:<\/td>\n<td width=\"233\">S\u00ec<\/td>\n<\/tr>\n<\/tbody>\n<\/table>\n","protected":false},"excerpt":{"rendered":"<div class=\"hero-productDescription mediaGallery-productDescription\">\n<h3 class=\"heroSubHeader\">Per un&#8217;azienda pi\u00f9 efficiente<\/h3>\n<p style=\"text-align: justify;\">\n<div class=\"hero-productDescription-body mediaGallery-productDescription-body\">Scopri V145, un notebook da 38,1 cm (15&#8243;), progettato per migliorare le attivit\u00e0 aziendali di ogni giorno. Ottieni maggiore produttivit\u00e0 ed efficienza grazie all&#8217;affidabilit\u00e0 del processore e della scheda grafica AMD, proteggi i tuoi dati tramite crittografia di livello professionale e offri ai dipendenti comode funzionalit\u00e0 ergonomiche, racchiuse in uno chassis dal design\u00a0innovativo, essenziale e professionale.<\/div>\n<\/div>\n<div><\/div>\n","protected":false},"featured_media":23588,"comment_status":"open","ping_status":"closed","template":"","meta":[],"product_cat":[201],"product_tag":[],"_links":{"self":[{"href":"https:\/\/pegasostore.it\/index.php?rest_route=\/wp\/v2\/product\/23586"}],"collection":[{"href":"https:\/\/pegasostore.it\/index.php?rest_route=\/wp\/v2\/product"}],"about":[{"href":"https:\/\/pegasostore.it\/index.php?rest_route=\/wp\/v2\/types\/product"}],"replies":[{"embeddable":true,"href":"https:\/\/pegasostore.it\/index.php?rest_route=%2Fwp%2Fv2%2Fcomments&post=23586"}],"wp:featuredmedia":[{"embeddable":true,"href":"https:\/\/pegasostore.it\/index.php?rest_route=\/wp\/v2\/media\/23588"}],"wp:attachment":[{"href":"https:\/\/pegasostore.it\/index.php?rest_route=%2Fwp%2Fv2%2Fmedia&parent=23586"}],"wp:term":[{"taxonomy":"product_cat","embeddable":true,"href":"https:\/\/pegasostore.it\/index.php?rest_route=%2Fwp%2Fv2%2Fproduct_cat&post=23586"},{"taxonomy":"product_tag","embeddable":true,"href":"https:\/\/pegasostore.it\/index.php?rest_route=%2Fwp%2Fv2%2Fproduct_tag&post=23586"}],"curies":[{"name":"wp","href":"https:\/\/api.w.org\/{rel}","templated":true}]}}